{"id":520,"date":"2022-06-17T13:42:19","date_gmt":"2022-06-17T11:42:19","guid":{"rendered":"https:\/\/events.mines-stetienne.fr\/giseh2022\/?page_id=520"},"modified":"2022-06-21T16:49:39","modified_gmt":"2022-06-21T14:49:39","slug":"programme-des-visites-techniques","status":"publish","type":"page","link":"https:\/\/events.mines-stetienne.fr\/giseh2022\/programme-des-visites-techniques\/","title":{"rendered":"Programme des visites techniques"},"content":{"rendered":"\n<p class=\"has-black-color has-text-color\" style=\"font-size:25px\"><strong>Les visites techniques ont lieu entre 15h00 et 17h00 le jeudi 7 juillet 2022. Les transports sont pris en charge.<\/strong><\/p>\n\n\n\n<p><\/p>\n\n\n\n<figure class=\"wp-block-gallery has-nested-images columns-default wp-block-gallery-1 is-layout-flex wp-block-gallery-is-layout-flex\">\n<figure class=\"wp-block-image size-large\"><img loading=\"lazy\" decoding=\"async\" width=\"260\" height=\"175\" data-id=\"533\" src=\"https:\/\/events.mines-stetienne.fr\/giseh2022\/wp-content\/uploads\/2022\/06\/CDA-2.jpg\" alt=\"\" class=\"wp-image-533\"\/><\/figure>\n\n\n\n<figure class=\"wp-block-image size-large\"><img loading=\"lazy\" decoding=\"async\" width=\"260\" height=\"175\" data-id=\"531\" src=\"https:\/\/events.mines-stetienne.fr\/giseh2022\/wp-content\/uploads\/2022\/06\/CDA1.jpg\" alt=\"\" class=\"wp-image-531\"\/><\/figure>\n\n\n\n<figure class=\"wp-block-image size-large\"><img loading=\"lazy\" decoding=\"async\" width=\"260\" height=\"175\" data-id=\"532\" src=\"https:\/\/events.mines-stetienne.fr\/giseh2022\/wp-content\/uploads\/2022\/06\/CDA2.jpg\" alt=\"\" class=\"wp-image-532\"\/><\/figure>\n<figcaption class=\"blocks-gallery-caption\"><strong><mark style=\"background-color:rgba(0, 0, 0, 0)\" class=\"has-inline-color has-vivid-purple-color\">Cit\u00e9 des Ain\u00e9s : innovations pour l&rsquo;autonomie des personnes \u00e2g\u00e9es et le maintien \u00e0 domicile<\/mark><\/strong><\/figcaption><\/figure>\n\n\n\n<p><\/p>\n\n\n\n<figure class=\"wp-block-gallery has-nested-images columns-default is-cropped wp-block-gallery-2 is-layout-flex wp-block-gallery-is-layout-flex\">\n<figure class=\"wp-block-image size-large\"><img loading=\"lazy\" decoding=\"async\" width=\"260\" height=\"175\" data-id=\"534\" src=\"https:\/\/events.mines-stetienne.fr\/giseh2022\/wp-content\/uploads\/2022\/06\/Cuisine1.png\" alt=\"\" class=\"wp-image-534\"\/><\/figure>\n\n\n\n<figure class=\"wp-block-image size-large\"><img loading=\"lazy\" decoding=\"async\" width=\"260\" height=\"175\" data-id=\"535\" src=\"https:\/\/events.mines-stetienne.fr\/giseh2022\/wp-content\/uploads\/2022\/06\/Cuisine2.png\" alt=\"\" class=\"wp-image-535\"\/><\/figure>\n\n\n\n<figure class=\"wp-block-image size-large\"><img loading=\"lazy\" decoding=\"async\" width=\"260\" height=\"175\" data-id=\"536\" src=\"https:\/\/events.mines-stetienne.fr\/giseh2022\/wp-content\/uploads\/2022\/06\/CuisineCHU-1.jpg\" alt=\"\" class=\"wp-image-536\"\/><\/figure>\n<figcaption class=\"blocks-gallery-caption\"><strong><mark style=\"background-color:rgba(0, 0, 0, 0)\" class=\"has-inline-color has-vivid-purple-color\">Cuisine centrale du CHU de Saint-Etienne : logistique des plateaux repas<\/mark><\/strong><\/figcaption><\/figure>\n\n\n\n<p><\/p>\n\n\n\n<figure class=\"wp-block-gallery has-nested-images columns-default is-cropped wp-block-gallery-3 is-layout-flex wp-block-gallery-is-layout-flex\">\n<figure class=\"wp-block-image\"><img decoding=\"async\" src=\"https:\/\/events.mines-stetienne.fr\/giseh2022\/wp-content\/uploads\/2022\/06\/Urgences-1.jpg\" alt=\"L\u2019attribut alt de cette image est vide, son nom de fichier est Urgences-1.jpg.\"\/><\/figure>\n\n\n\n<figure class=\"wp-block-image size-large\"><img loading=\"lazy\" decoding=\"async\" width=\"260\" height=\"175\" data-id=\"537\" src=\"https:\/\/events.mines-stetienne.fr\/giseh2022\/wp-content\/uploads\/2022\/06\/Urgence1.jpg\" alt=\"\" class=\"wp-image-537\"\/><\/figure>\n\n\n\n<figure class=\"wp-block-image size-large\"><img loading=\"lazy\" decoding=\"async\" width=\"260\" height=\"175\" data-id=\"538\" src=\"https:\/\/events.mines-stetienne.fr\/giseh2022\/wp-content\/uploads\/2022\/06\/Urgence2.jpg\" alt=\"\" class=\"wp-image-538\"\/><\/figure>\n<figcaption class=\"blocks-gallery-caption\"><mark style=\"background-color:rgba(0, 0, 0, 0)\" class=\"has-inline-color has-vivid-purple-color\"><strong>Urgences p\u00e9diatriques et adulte : d\u00e9monstration pr\u00e9diction des arriv\u00e9es et jumeau num\u00e9rique des urgences au Centre Ing\u00e9nierie et Sant\u00e9<\/strong><\/mark><br><br><\/figcaption><\/figure>\n\n\n\n<h4 class=\"wp-block-heading\">&gt;&gt; <a href=\"https:\/\/docs.google.com\/forms\/d\/e\/1FAIpQLSdgUn0GrbSkutRCTUhtvSLpTOPWy2p04WbgjZriR80_HkWjmg\/viewform\" target=\"_blank\" rel=\"noreferrer noopener\">Formulaire d&rsquo;inscription<\/a><\/h4>\n","protected":false},"excerpt":{"rendered":"<p>Les visites techniques ont lieu entre 15h00 et 17h00 le jeudi 7 juillet 2022. Les transports sont pris en charge. &gt;&gt; Formulaire d&rsquo;inscription<\/p>\n","protected":false},"author":4,"featured_media":0,"parent":0,"menu_order":0,"comment_status":"closed","ping_status":"closed","template":"","meta":{"footnotes":""},"class_list":["post-520","page","type-page","status-publish","hentry"],"_links":{"self":[{"href":"https:\/\/events.mines-stetienne.fr\/giseh2022\/wp-json\/wp\/v2\/pages\/520","targetHints":{"allow":["GET"]}}],"collection":[{"href":"https:\/\/events.mines-stetienne.fr\/giseh2022\/wp-json\/wp\/v2\/pages"}],"about":[{"href":"https:\/\/events.mines-stetienne.fr\/giseh2022\/wp-json\/wp\/v2\/types\/page"}],"author":[{"embeddable":true,"href":"https:\/\/events.mines-stetienne.fr\/giseh2022\/wp-json\/wp\/v2\/users\/4"}],"replies":[{"embeddable":true,"href":"https:\/\/events.mines-stetienne.fr\/giseh2022\/wp-json\/wp\/v2\/comments?post=520"}],"version-history":[{"count":7,"href":"https:\/\/events.mines-stetienne.fr\/giseh2022\/wp-json\/wp\/v2\/pages\/520\/revisions"}],"predecessor-version":[{"id":546,"href":"https:\/\/events.mines-stetienne.fr\/giseh2022\/wp-json\/wp\/v2\/pages\/520\/revisions\/546"}],"wp:attachment":[{"href":"https:\/\/events.mines-stetienne.fr\/giseh2022\/wp-json\/wp\/v2\/media?parent=520"}],"curies":[{"name":"wp","href":"https:\/\/api.w.org\/{rel}","templated":true}]}}