{"id":453,"date":"2022-05-23T10:53:02","date_gmt":"2022-05-23T08:53:02","guid":{"rendered":"https:\/\/events.mines-stetienne.fr\/giseh2022\/?page_id=453"},"modified":"2022-05-30T10:22:41","modified_gmt":"2022-05-30T08:22:41","slug":"sponsors","status":"publish","type":"page","link":"https:\/\/events.mines-stetienne.fr\/giseh2022\/sponsors\/","title":{"rendered":"Sponsors"},"content":{"rendered":"\n<figure class=\"wp-block-table is-style-regular\"><table class=\"has-fixed-layout\"><tbody><tr><td class=\"has-text-align-center\" data-align=\"center\"><img loading=\"lazy\" decoding=\"async\" width=\"800\" height=\"377\" class=\"wp-image-464\" style=\"width: 800px;\" src=\"https:\/\/events.mines-stetienne.fr\/giseh2022\/wp-content\/uploads\/2022\/05\/Logo_AESIO_SANTE.png\" alt=\"\" srcset=\"https:\/\/events.mines-stetienne.fr\/giseh2022\/wp-content\/uploads\/2022\/05\/Logo_AESIO_SANTE.png 854w, https:\/\/events.mines-stetienne.fr\/giseh2022\/wp-content\/uploads\/2022\/05\/Logo_AESIO_SANTE-300x141.png 300w, https:\/\/events.mines-stetienne.fr\/giseh2022\/wp-content\/uploads\/2022\/05\/Logo_AESIO_SANTE-768x362.png 768w\" sizes=\"auto, (max-width: 800px) 100vw, 800px\" \/><\/td><td>A\u00c9SIO Sant\u00e9, acteur mutualiste majeur de sant\u00e9 en France propose \u00e0 travers plus de 200 \u00e9tablissements une offre de soins et de services accessibles et innovantes (cliniques, SSR, \u00e9tablissements et services sp\u00e9cialis\u00e9s dans l\u2019accompagnement des personnes handicap\u00e9es, EHPAD, services \u00e0 domicile, centres de sant\u00e9, pharmacie, \u2026). Au quotidien, 5100 professionnels de sant\u00e9 s\u2019investissent pour soigner, accompagner, soutenir et apporter \u00e0 leurs patients, r\u00e9sidents, clients des solutions toujours plus innovantes. &nbsp; Face aux enjeux de notre soci\u00e9t\u00e9, vieillissement de la population, d\u00e9veloppement des maladies chroniques, rar\u00e9faction des finances publiques, le groupe mutualiste poursuit son ambition de favoriser l\u2019acc\u00e8s pour tous \u00e0 des soins de qualit\u00e9. Pour ceci et concr\u00e8tement, les \u00e9quipes \u0153uvrent sur le terrain pour d\u00e9velopper la e-sant\u00e9, cr\u00e9er des lieux de sant\u00e9 de proximit\u00e9, optimiser les parcours de soins, exp\u00e9rimenter de nouvelles prises en charge et outils pour apporter des solutions nouvelles dans l\u2019accompagnement et la prise en charge des patients.<br><br>Autant de projets qui viennent conforter l\u2019ambition d\u2019A\u00c9SIO Sant\u00e9 : proposer une offre globale, innovante et diff\u00e9renciante sur le march\u00e9 de la sant\u00e9, en compl\u00e9ment des activit\u00e9s d\u2019assurance d\u2019A\u00c9SIO mutuelle.<br><br><a href=\"http:\/\/www.aesio-sante.fr\">www.aesio-sante.fr<\/a><\/td><\/tr><tr><td class=\"has-text-align-center\" data-align=\"center\"><img loading=\"lazy\" decoding=\"async\" width=\"800\" height=\"282\" class=\"wp-image-465\" style=\"width: 800px;\" src=\"https:\/\/events.mines-stetienne.fr\/giseh2022\/wp-content\/uploads\/2022\/05\/Logo-AESIO-mutuelle-rvb.jpg\" alt=\"\" srcset=\"https:\/\/events.mines-stetienne.fr\/giseh2022\/wp-content\/uploads\/2022\/05\/Logo-AESIO-mutuelle-rvb.jpg 2009w, https:\/\/events.mines-stetienne.fr\/giseh2022\/wp-content\/uploads\/2022\/05\/Logo-AESIO-mutuelle-rvb-300x106.jpg 300w, https:\/\/events.mines-stetienne.fr\/giseh2022\/wp-content\/uploads\/2022\/05\/Logo-AESIO-mutuelle-rvb-1024x361.jpg 1024w, https:\/\/events.mines-stetienne.fr\/giseh2022\/wp-content\/uploads\/2022\/05\/Logo-AESIO-mutuelle-rvb-768x271.jpg 768w, https:\/\/events.mines-stetienne.fr\/giseh2022\/wp-content\/uploads\/2022\/05\/Logo-AESIO-mutuelle-rvb-1536x542.jpg 1536w\" sizes=\"auto, (max-width: 800px) 100vw, 800px\" \/><\/td><td>A\u00c9SIO mutuelle, deuxi\u00e8me acteur mutualiste de France sp\u00e9cialis\u00e9 dans la protection de la personne, couvre les besoins en compl\u00e9mentaire sant\u00e9 et pr\u00e9voyance de 2,8 millions d\u2019adh\u00e9rents sur l\u2019ensemble du territoire. Fort de cet ancrage local, A\u00c9SIO mutuelle agit au plus pr\u00e8s des besoins de ses adh\u00e9rents en proposant des solutions et un accompagnement adapt\u00e9 \u00e0 tous les moments de vie (couverture sant\u00e9, pr\u00e9vention sant\u00e9 globale, acc\u00e8s aux soins, long\u00e9vit\u00e9, pr\u00e9voyance\u2026) en r\u00e9sonance avec sa signature de marque \u00ab\u2009D\u00e9cidons ensemble de vivre mieux\u2009\u00bb. Depuis janvier 2021, A\u00c9SIO mutuelle est affili\u00e9e \u00e0 A\u00e9ma Groupe. A\u00e9ma Groupe, n\u00e9 du rapprochement entre A\u00e9sio mutuelle et Macif, imagine chaque jour les contours d\u2019un monde plus juste et plus humain en pla\u00e7ant la pr\u00e9venance au c\u0153ur de la relation avec ses adh\u00e9rents, soci\u00e9taires et entreprises clientes.<br><br>Plus d\u2019informations sur <a href=\"http:\/\/www.ensemble.aesio.fr\">www.ensemble.aesio.fr<\/a><\/td><\/tr><tr><td class=\"has-text-align-center\" data-align=\"center\"><img loading=\"lazy\" decoding=\"async\" width=\"800\" height=\"246\" class=\"wp-image-466\" style=\"width: 800px;\" src=\"https:\/\/events.mines-stetienne.fr\/giseh2022\/wp-content\/uploads\/2022\/05\/Logo-Baseline-CMJN.jpg\" alt=\"\" srcset=\"https:\/\/events.mines-stetienne.fr\/giseh2022\/wp-content\/uploads\/2022\/05\/Logo-Baseline-CMJN.jpg 1276w, https:\/\/events.mines-stetienne.fr\/giseh2022\/wp-content\/uploads\/2022\/05\/Logo-Baseline-CMJN-300x92.jpg 300w, https:\/\/events.mines-stetienne.fr\/giseh2022\/wp-content\/uploads\/2022\/05\/Logo-Baseline-CMJN-1024x315.jpg 1024w, https:\/\/events.mines-stetienne.fr\/giseh2022\/wp-content\/uploads\/2022\/05\/Logo-Baseline-CMJN-768x236.jpg 768w\" sizes=\"auto, (max-width: 800px) 100vw, 800px\" \/><\/td><td>La Fondation de l\u2019Avenir a pour vocation de soutenir et de promouvoir la recherche m\u00e9dicale appliqu\u00e9e au b\u00e9n\u00e9fice des patients. Cr\u00e9\u00e9e en 1987 par la Mutualit\u00e9, elle est reconnue d\u2019utilit\u00e9 publique depuis 1988. La Fondation incarne le trait d\u2019union entre le mouvement mutualiste et les acteurs de la sant\u00e9 publique. La Fondation de l\u2019Avenir peut compter sur plus de 50 000 donateurs et 40 partenaires issus de l\u2019\u00e9conomie sociale et solidaire, tous mobilis\u00e9s pour faire avancer le progr\u00e8s m\u00e9dical. La Fondation abrite sept fondations (Sandrine Castellotti, Matmut Paul Bennetot, Ecouter Voir, MUTAC, Mutuelle des Motards, Sant\u00e9 Environnement de la Mutuelle Familiale, Solimut Mutuelles de France). Elle a financ\u00e9 plus de 1 300 projets depuis son origine dont de nombreuses premi\u00e8res mondiales. Elle est dirig\u00e9e par un Directoire, pr\u00e9sid\u00e9 par Marion LELOUVIER, sous le contr\u00f4le d\u2019un Conseil de Surveillance, pr\u00e9sid\u00e9 par Daniel HAVIS.<br><br>Depuis 2017, elle a cr\u00e9\u00e9 le Fonds Avenir Sant\u00e9 Num\u00e9rique, pr\u00e9sid\u00e9 par Claude SARCIA, dont les ambitions sont :<br>\u2022&nbsp;Financer des projets innovants, liant sant\u00e9 et num\u00e9rique, en recherche m\u00e9dicale ou dans les pratiques de soins et d\u2019accompagnement ; \u2022&nbsp;Devenir un r\u00e9seau de r\u00e9flexion de la sant\u00e9 num\u00e9rique appliqu\u00e9e. Contribuer \u00e0 la r\u00e9flexion sur ses enjeux et risques, en constituant un lieu de rencontre et d\u2019\u00e9change entre des acteurs d\u2019environnements diff\u00e9rents ; <br>\u2022&nbsp;Conduire des \u00e9tudes d\u2019int\u00e9r\u00eat g\u00e9n\u00e9ral, \u00e0 l\u2019initiative des membres du fonds ; <br>\u2022&nbsp;Soutenir la premi\u00e8re chaire universitaire d\u00e9di\u00e9e \u00e0 la sant\u00e9 num\u00e9rique, dans une approche pluridisciplinaire et pluri-institutionelle.<br><br>Le site internet de la Fondation est <a href=\"http:\/\/www.fondationdelavenir.org\">www.fondationdelavenir.org<\/a><\/td><\/tr><tr><td class=\"has-text-align-center\" data-align=\"center\"><img loading=\"lazy\" decoding=\"async\" width=\"800\" height=\"388\" class=\"wp-image-467\" style=\"width: 800px;\" src=\"https:\/\/events.mines-stetienne.fr\/giseh2022\/wp-content\/uploads\/2022\/05\/health.png\" alt=\"\" srcset=\"https:\/\/events.mines-stetienne.fr\/giseh2022\/wp-content\/uploads\/2022\/05\/health.png 590w, https:\/\/events.mines-stetienne.fr\/giseh2022\/wp-content\/uploads\/2022\/05\/health-300x145.png 300w\" sizes=\"auto, (max-width: 800px) 100vw, 800px\" \/><br><br><img loading=\"lazy\" decoding=\"async\" width=\"300\" height=\"135\" class=\"wp-image-485\" style=\"width: 300px;\" src=\"https:\/\/events.mines-stetienne.fr\/giseh2022\/wp-content\/uploads\/2022\/05\/logobeys.png\" alt=\"\" srcset=\"https:\/\/events.mines-stetienne.fr\/giseh2022\/wp-content\/uploads\/2022\/05\/logobeys.png 432w, https:\/\/events.mines-stetienne.fr\/giseh2022\/wp-content\/uploads\/2022\/05\/logobeys-300x135.png 300w\" sizes=\"auto, (max-width: 300px) 100vw, 300px\" \/><\/td><td>Pr\u00e9curseur dans le domaine de la sant\u00e9 digitale, be ys Health Solutions France est une soci\u00e9t\u00e9 fran\u00e7aise innovante au service de l\u2019\u00e9cosyst\u00e8me de sant\u00e9. Elle con\u00e7oit et \u00e9dite des solutions e-sant\u00e9 pour am\u00e9liorer la pr\u00e9vention, la pr\u00e9diction, le suivi et l\u2019accompagnement des patients dans leur parcours sant\u00e9.<br><br>La soci\u00e9t\u00e9 se positionne comme partenaire expert privil\u00e9gi\u00e9 et agile pour r\u00e9pondre aux enjeux majeurs de la sant\u00e9 de demain.<br><br>be ys Health Solutions s\u2019appuie sur la force de la health data pour une prise en charge cibl\u00e9e et efficiente des patients, \u00e0 tous moments, gr\u00e2ce \u00e0 des dispositifs complets et interop\u00e9rables centr\u00e9s patients \/ usagers et r\u00e9pondant aux plus hauts crit\u00e8res dans la s\u00e9curit\u00e9 des donn\u00e9es.<br><br>Les innovations d\u00e9velopp\u00e9es par la soci\u00e9t\u00e9 r\u00e9sident dans la pluri-expertise de ses \u00e9quipes et dans la force de la marque be ys, reconnue depuis plus de 20 ans dans la gestion de l\u2019identit\u00e9 num\u00e9rique, des flux d\u2019informations personnelles et le traitement des donn\u00e9es sensibles.<br><br>Au c\u0153ur de tous les produits des marques be ys se concentre les technologies les plus abouties pour un \u00e9cosyst\u00e8me alliant efficience, confidentialit\u00e9 et s\u00e9curit\u00e9 des flux de donn\u00e9es trait\u00e9es.<br><br>be ys Health Solutions con\u00e7oit des solutions de sant\u00e9 digitales au service de l\u2019\u00e9cosyst\u00e8me de sant\u00e9 pour une prise en charge cibl\u00e9e et efficiente des patients, \u00e0 tous moments.<br><br>T\u00e9l\u00e9surveillance, dispositifs m\u00e9dicaux, gestion du parcours de soin, e-cohorte&#8230; et des solutions e-sant\u00e9 sur-mesure.<br><br><a href=\"https:\/\/be-ys-health-solutions.com\/\">https:\/\/be-ys-health-solutions.com\/<\/a><br><br><a href=\"https:\/\/be-ys.com\">https:\/\/be-ys.com<\/a><\/td><\/tr><\/tbody><\/table><\/figure>\n\n\n\n<p><\/p>\n","protected":false},"excerpt":{"rendered":"<p>A\u00c9SIO Sant\u00e9, acteur mutualiste majeur de sant\u00e9 en France propose \u00e0 travers plus de 200 \u00e9tablissements une offre de soins et de services accessibles et innovantes (cliniques, SSR, \u00e9tablissements et services sp\u00e9cialis\u00e9s dans l\u2019accompagnement des personnes handicap\u00e9es, EHPAD, services \u00e0 domicile, centres de sant\u00e9, pharmacie, \u2026). Au quotidien, 5100 professionnels de sant\u00e9 s\u2019investissent pour soigner, &hellip; <\/p>\n","protected":false},"author":5,"featured_media":0,"parent":0,"menu_order":0,"comment_status":"closed","ping_status":"closed","template":"","meta":{"footnotes":""},"class_list":["post-453","page","type-page","status-publish","hentry"],"_links":{"self":[{"href":"https:\/\/events.mines-stetienne.fr\/giseh2022\/wp-json\/wp\/v2\/pages\/453","targetHints":{"allow":["GET"]}}],"collection":[{"href":"https:\/\/events.mines-stetienne.fr\/giseh2022\/wp-json\/wp\/v2\/pages"}],"about":[{"href":"https:\/\/events.mines-stetienne.fr\/giseh2022\/wp-json\/wp\/v2\/types\/page"}],"author":[{"embeddable":true,"href":"https:\/\/events.mines-stetienne.fr\/giseh2022\/wp-json\/wp\/v2\/users\/5"}],"replies":[{"embeddable":true,"href":"https:\/\/events.mines-stetienne.fr\/giseh2022\/wp-json\/wp\/v2\/comments?post=453"}],"version-history":[{"count":4,"href":"https:\/\/events.mines-stetienne.fr\/giseh2022\/wp-json\/wp\/v2\/pages\/453\/revisions"}],"predecessor-version":[{"id":486,"href":"https:\/\/events.mines-stetienne.fr\/giseh2022\/wp-json\/wp\/v2\/pages\/453\/revisions\/486"}],"wp:attachment":[{"href":"https:\/\/events.mines-stetienne.fr\/giseh2022\/wp-json\/wp\/v2\/media?parent=453"}],"curies":[{"name":"wp","href":"https:\/\/api.w.org\/{rel}","templated":true}]}}