{"id":25,"date":"2021-07-01T11:20:09","date_gmt":"2021-07-01T09:20:09","guid":{"rendered":"http:\/\/www.giseh2022.fr\/?page_id=25"},"modified":"2022-06-17T13:46:28","modified_gmt":"2022-06-17T11:46:28","slug":"programme","status":"publish","type":"page","link":"https:\/\/events.mines-stetienne.fr\/giseh2022\/programme\/","title":{"rendered":"Programme g\u00e9n\u00e9ral"},"content":{"rendered":"\n<h2 class=\"has-text-align-center wp-block-heading\">Programme de la conf\u00e9rence :<\/h2>\n\n\n\n<figure class=\"wp-block-image size-large\"><img loading=\"lazy\" decoding=\"async\" width=\"1024\" height=\"391\" src=\"https:\/\/events.mines-stetienne.fr\/giseh2022\/wp-content\/uploads\/2022\/06\/Capture-1024x391.png\" alt=\"\" class=\"wp-image-509\" srcset=\"https:\/\/events.mines-stetienne.fr\/giseh2022\/wp-content\/uploads\/2022\/06\/Capture-1024x391.png 1024w, https:\/\/events.mines-stetienne.fr\/giseh2022\/wp-content\/uploads\/2022\/06\/Capture-300x114.png 300w, https:\/\/events.mines-stetienne.fr\/giseh2022\/wp-content\/uploads\/2022\/06\/Capture-768x293.png 768w, https:\/\/events.mines-stetienne.fr\/giseh2022\/wp-content\/uploads\/2022\/06\/Capture-1536x586.png 1536w, https:\/\/events.mines-stetienne.fr\/giseh2022\/wp-content\/uploads\/2022\/06\/Capture.png 1557w\" sizes=\"auto, (max-width: 1024px) 100vw, 1024px\" \/><\/figure>\n\n\n\n<p class=\"has-text-align-center\"><a href=\"https:\/\/events.mines-stetienne.fr\/giseh2022\/programme-detaille\/\">Acc\u00e9dez au programme d\u00e9taill\u00e9<\/a><\/p>\n\n\n\n<p class=\"has-text-align-center\"><a href=\"https:\/\/events.mines-stetienne.fr\/giseh2022\/programme-social\/\">D\u00e9couvrez le programme social<\/a><\/p>\n\n\n\n<p class=\"has-text-align-center\"><a href=\"https:\/\/events.mines-stetienne.fr\/giseh2022\/programme-des-visites-techniques\/\">Choisissez votre visite technique<\/a><\/p>\n\n\n\n<p><\/p>\n","protected":false},"excerpt":{"rendered":"<p>Programme de la conf\u00e9rence : Acc\u00e9dez au programme d\u00e9taill\u00e9 D\u00e9couvrez le programme social Choisissez votre visite technique<\/p>\n","protected":false},"author":1,"featured_media":0,"parent":0,"menu_order":0,"comment_status":"closed","ping_status":"closed","template":"","meta":{"footnotes":""},"class_list":["post-25","page","type-page","status-publish","hentry"],"_links":{"self":[{"href":"https:\/\/events.mines-stetienne.fr\/giseh2022\/wp-json\/wp\/v2\/pages\/25","targetHints":{"allow":["GET"]}}],"collection":[{"href":"https:\/\/events.mines-stetienne.fr\/giseh2022\/wp-json\/wp\/v2\/pages"}],"about":[{"href":"https:\/\/events.mines-stetienne.fr\/giseh2022\/wp-json\/wp\/v2\/types\/page"}],"author":[{"embeddable":true,"href":"https:\/\/events.mines-stetienne.fr\/giseh2022\/wp-json\/wp\/v2\/users\/1"}],"replies":[{"embeddable":true,"href":"https:\/\/events.mines-stetienne.fr\/giseh2022\/wp-json\/wp\/v2\/comments?post=25"}],"version-history":[{"count":8,"href":"https:\/\/events.mines-stetienne.fr\/giseh2022\/wp-json\/wp\/v2\/pages\/25\/revisions"}],"predecessor-version":[{"id":544,"href":"https:\/\/events.mines-stetienne.fr\/giseh2022\/wp-json\/wp\/v2\/pages\/25\/revisions\/544"}],"wp:attachment":[{"href":"https:\/\/events.mines-stetienne.fr\/giseh2022\/wp-json\/wp\/v2\/media?parent=25"}],"curies":[{"name":"wp","href":"https:\/\/api.w.org\/{rel}","templated":true}]}}