{"id":20,"date":"2021-07-01T11:19:52","date_gmt":"2021-07-01T09:19:52","guid":{"rendered":"http:\/\/www.giseh2022.fr\/?page_id=20"},"modified":"2022-05-10T15:42:10","modified_gmt":"2022-05-10T13:42:10","slug":"conferenciers","status":"publish","type":"page","link":"https:\/\/events.mines-stetienne.fr\/giseh2022\/conferenciers\/","title":{"rendered":"Conf\u00e9renciers"},"content":{"rendered":"\n<p>Durant les 3 jours de conf\u00e9rence, nous aurons le plaisir d&rsquo;accueillir 6 conf\u00e9renciers, qui interviendront lors de 3 \u00ab\u00a0keynotes \u00e0 deux voix\u00a0\u00bb. Le principe de chaque keynote est simple : un th\u00e8me, deux perspectives ! <\/p>\n\n\n\n<p>Retrouvez ci-dessous la liste des conf\u00e9renciers confirm\u00e9s :<\/p>\n\n\n\n<h2 class=\"wp-block-heading\" id=\"theme-1-organisation-de-sante-post-covid\">Conf\u00e9rence Pl\u00e9ni\u00e8re 1 : Organisation de sant\u00e9 post-COVID-19<\/h2>\n\n\n\n<p>[wpm_team_showcase id=\u00a0\u00bb2&Prime;]<\/p>\n\n\n\n<p>La pand\u00e9mie de COVID-19 est un \u00e9v\u00e9nement qui a marqu\u00e9 ces deux derni\u00e8res ann\u00e9es, entra\u00eenant des bouleversements sociaux, \u00e9conomiques et comportementaux dont l\u2019impact futur reste encore \u00e0 \u00e9valuer. La sant\u00e9, acteur de premi\u00e8re ligne, n\u2019a pas \u00e9chapp\u00e9 \u00e0 ce grand chamboulement impos\u00e9 par une n\u00e9cessit\u00e9 d\u2019adaptation tr\u00e8s rapide face \u00e0 un ph\u00e9nom\u00e8ne in\u00e9dit depuis les derni\u00e8res grandes guerres et l\u2019\u00e9pid\u00e9mie de grippe espagnole. Pour passer d\u2019une organisation cadr\u00e9e \u00e0 une organisation de l\u2019instant, elle a d\u00fb faire appel \u00e0 de nouvelles technologies et de nouvelles conceptions organisationnelles qui ont ouverts de nouvelles portes incluant les approches li\u00e9es \u00e0 la gestion d\u2019\u00e9v\u00e9nements in\u00e9dits pour la sant\u00e9 de demain. De ce fait, comment anticiper ces \u00e9v\u00e9nements\u00a0et proposer des organisations qui ne l\u00e8sent aucune prise en charge ? Qu\u2019elle est la place de l\u2019ing\u00e9nierie dans ce chemin et comment l\u2019int\u00e9grer dans une activit\u00e9 m\u00e9dicale o\u00f9 la gestion de la part \u00e9motionnelle et relationnelle\u00a0 ne doit pas c\u00e9der \u00e0 celle \u00a0de la performance technique\u00a0? Voici les enjeux du futur.<\/p>\n\n\n\n<h2 class=\"wp-block-heading\" id=\"theme-2-ethique-et-securite-des-donnees-de-sante\">Conf\u00e9rence Pl\u00e9ni\u00e8re 2 : \u00c9thique et s\u00e9curit\u00e9 des donn\u00e9es de sant\u00e9<\/h2>\n\n\n\n<p>[wpm_team_showcase id=\u00a0\u00bb3&Prime;]  <\/p>\n\n\n\n<p>Avec l\u2019informatisation croissante et le d\u00e9veloppement des syst\u00e8mes web, l\u2019information n\u2019a jamais \u00e9t\u00e9 aussi dense et transmise tout azimut dans toutes les directions sans parfois que nous sachions exactement o\u00f9 elle va et qui va la lire\u00a0! Elle nous \u00e9chappe renvoyant \u00e0 qui veut le savoir des pans de vie ou de connaissances compl\u00e9tement d\u00e9li\u00e9es de leur contexte et de l\u2019expert qui pourra leur donner une interpr\u00e9tation adapt\u00e9e. Si la sant\u00e9 a pu b\u00e9n\u00e9ficier de facilit\u00e9s li\u00e9es \u00e0 ces syst\u00e8mes\u00a0: dossier patient informatis\u00e9, prise en charge \u00e0 distance, d\u00e9cryptage du g\u00e9nome, augmentation des connaissances li\u00e9es \u00e0 la fouille de donn\u00e9es&#8230; Elle reste n\u00e9anmoins tr\u00e8s vuln\u00e9rable face \u00e0 cette d\u00e9ferlante de donn\u00e9es. Le serment d\u2019Hippocrate tangue sur ses jambes et la relation m\u00e9decin-patient se doit d\u2019int\u00e9grer cette dimension informative d\u00e9brid\u00e9e pour refondre des r\u00e8gles de confiance et de confidentialit\u00e9. Ces derni\u00e8res ann\u00e9es ont heureusement vu se d\u00e9velopper des formalisations qui tendent \u00e0 prot\u00e9ger l\u2019intimit\u00e9 du malade et emp\u00eacher que des informations sensibles puissent servir d\u2019autres int\u00e9r\u00eats sans son consentement. Toute la difficult\u00e9 actuellement revient \u00e0 d\u00e9finir quel p\u00e9rim\u00e8tre donner \u00e0 cette sensibilit\u00e9 et comment la maitriser\u00a0? L\u2019un des probl\u00e8mes principaux de l\u2019ing\u00e9nierie du Web et de la m\u00e9decine actuelle\u00a0!<\/p>\n\n\n\n<h2 class=\"wp-block-heading\" id=\"theme-3-ingenierie-et-operationnalisation-des-innovations-en-sante\">Conf\u00e9rence Pl\u00e9ni\u00e8re 3 : Ing\u00e9nierie et op\u00e9rationnalisation des innovations en sant\u00e9<\/h2>\n\n\n\n<p>[wpm_team_showcase id=\u00a0\u00bb4&Prime;] <\/p>\n\n\n\n<p>Le d\u00e9veloppement de la technologie en sant\u00e9 a connu un essor consid\u00e9rable ces derni\u00e8res ann\u00e9es alliant des approches bas\u00e9es sur les techniques d\u2019intelligence artificielle et des technologies du web qui ont permis des avanc\u00e9es consid\u00e9rables dans la capacit\u00e9 \u00e0 appr\u00e9hender la maladie. T\u00e9l\u00e9m\u00e9decine, d\u00e9pistage des cancers par reconnaissance d\u2019images en utilisant le deep learning, robotisation des blocs op\u00e9ratoire&#8230; Autant de nouveaux outils qui ont entrain\u00e9s un changement dans le parcours du patient et dans les comp\u00e9tences m\u00e9tiers qui obligent\u00a0 les structures de soins \u00e0 repenser leurs organisations. De nouveaux champs d\u2019optimisation des parcours doivent \u00eatre propos\u00e9s o\u00f9 la dimension \u00e9conomique prend une place de plus en plus contraignante . Ces nouvelles approches parcours font donc appel \u00e0 de multiples comp\u00e9tences o\u00f9 l\u2019ing\u00e9nierie peut avoir une r\u00f4le de premier plan dans la conception de ces nouveaux parcours.<\/p>\n","protected":false},"excerpt":{"rendered":"<p>Durant les 3 jours de conf\u00e9rence, nous aurons le plaisir d&rsquo;accueillir 6 conf\u00e9renciers, qui interviendront lors de 3 \u00ab\u00a0keynotes \u00e0 deux voix\u00a0\u00bb. Le principe de chaque keynote est simple : un th\u00e8me, deux perspectives ! Retrouvez ci-dessous la liste des conf\u00e9renciers confirm\u00e9s : Conf\u00e9rence Pl\u00e9ni\u00e8re 1 : Organisation de sant\u00e9 post-COVID-19 [wpm_team_showcase id=\u00a0\u00bb2&Prime;] La pand\u00e9mie &hellip; <\/p>\n","protected":false},"author":1,"featured_media":0,"parent":0,"menu_order":0,"comment_status":"closed","ping_status":"closed","template":"","meta":{"footnotes":""},"class_list":["post-20","page","type-page","status-publish","hentry"],"_links":{"self":[{"href":"https:\/\/events.mines-stetienne.fr\/giseh2022\/wp-json\/wp\/v2\/pages\/20","targetHints":{"allow":["GET"]}}],"collection":[{"href":"https:\/\/events.mines-stetienne.fr\/giseh2022\/wp-json\/wp\/v2\/pages"}],"about":[{"href":"https:\/\/events.mines-stetienne.fr\/giseh2022\/wp-json\/wp\/v2\/types\/page"}],"author":[{"embeddable":true,"href":"https:\/\/events.mines-stetienne.fr\/giseh2022\/wp-json\/wp\/v2\/users\/1"}],"replies":[{"embeddable":true,"href":"https:\/\/events.mines-stetienne.fr\/giseh2022\/wp-json\/wp\/v2\/comments?post=20"}],"version-history":[{"count":6,"href":"https:\/\/events.mines-stetienne.fr\/giseh2022\/wp-json\/wp\/v2\/pages\/20\/revisions"}],"predecessor-version":[{"id":431,"href":"https:\/\/events.mines-stetienne.fr\/giseh2022\/wp-json\/wp\/v2\/pages\/20\/revisions\/431"}],"wp:attachment":[{"href":"https:\/\/events.mines-stetienne.fr\/giseh2022\/wp-json\/wp\/v2\/media?parent=20"}],"curies":[{"name":"wp","href":"https:\/\/api.w.org\/{rel}","templated":true}]}}