{"id":193,"date":"2021-09-29T15:16:49","date_gmt":"2021-09-29T13:16:49","guid":{"rendered":"http:\/\/www.giseh2022.fr\/?page_id=193"},"modified":"2022-08-30T11:17:23","modified_gmt":"2022-08-30T09:17:23","slug":"prix-giseh","status":"publish","type":"page","link":"https:\/\/events.mines-stetienne.fr\/giseh2022\/prix-giseh\/","title":{"rendered":"Prix GISEH"},"content":{"rendered":"\n<h2 class=\"has-vivid-purple-color has-text-color wp-block-heading\"><strong>Toutes nos f\u00e9licitations aux laur\u00e9ats !<\/strong><\/h2>\n\n\n\n<p class=\"has-black-color has-text-color\"><strong>\u2022 Prix du meilleur article remis par Charlotte KRIEG, Directrice Innovation <a href=\"https:\/\/www.aesio-sante.fr\/\" target=\"_blank\" rel=\"noreferrer noopener\">A\u00e9sio Sant\u00e9<\/a> \u00e0 Marie-Pierre CUNIN, Gwenna\u00eblle BODART, Marie THYS, Marjorie GANGOLF, Philippe KOLH et Jessica JACQUES pour l&rsquo;article intitul\u00e9 <em>\u00ab\u00a0L\u2019utilisation du Natural Langage Processing comme outil d\u2019aide \u00e0 l\u2019exploitation de donn\u00e9es hospitali\u00e8res\u00a0\u00bb<\/em><\/strong><\/p>\n\n\n\n<p class=\"has-black-color has-text-color\">\u2022 <strong>Prix du meilleur article \u00e9tudiant remis par Marion LELOUVIER, pr\u00e9sidente du directoire de la <a href=\"https:\/\/www.fondationdelavenir.org\/\" target=\"_blank\" rel=\"noreferrer noopener\">Fondation de l&rsquo;Avenir<\/a>. D<strong>eux laur\u00e9ats ex-aequo<\/strong> ont \u00e9t\u00e9 r\u00e9compens\u00e9s :<\/strong><br><strong>Laura UHL, pour l&rsquo;article intitul\u00e9 : <em>\u00ab\u00a0Urgent Patient Hospitalisation Pathway Prediction using Healthcare-Administrative Data and Medical Records: a Literature Review\u00a0\u00bb ;<\/em><\/strong><br><strong>Juli\u00e1n Alberto ESPEJO-DIAZ, pour l&rsquo;article intitul\u00e9 : <em>\u00ab\u00a0Improving the access to emergency medical services using advanced air mobility. Insights from a facility location model\u00a0\u00bb<\/em>.<\/strong><\/p>\n\n\n\n<p>\u2022 <strong>Prix de l&rsquo;innovation remis par Katia PICKUS, directrice de <a href=\"https:\/\/be-ys-health-solutions.com\/\" target=\"_blank\" rel=\"noreferrer noopener\">be-ys<\/a> Health Solutions \u00e0 <a href=\"https:\/\/biologbook.fr\/\" target=\"_blank\" rel=\"noreferrer noopener\">BIO LOGBOOK<\/a>, Precision Healthcare Technology<\/strong>.<\/p>\n\n\n\n<hr class=\"wp-block-separator has-alpha-channel-opacity\"\/>\n\n\n\n<p>La recherche et l\u2019innovation sont l\u2019aboutissement d\u2019un travail acharn\u00e9, motiv\u00e9 par la volont\u00e9 de rendre la sant\u00e9 de demain meilleure que celle d\u2019aujourd\u2019hui. Dans l\u2019optique de r\u00e9compenser ces efforts, les organisateurs et partenaires de GISEH 2022 ont l\u2019honneur et le plaisir de proposer 3 prix\u00a0: le <strong>prix du meilleur article<\/strong>, le <strong>prix du meilleur article \u00e9tudiant<\/strong> et le <strong>prix de l\u2019innovation<\/strong>. <\/p>\n\n\n\n<h2 class=\"wp-block-heading\"><strong>Prix du meilleur article<\/strong><\/h2>\n\n\n\n<p>Ce prix r\u00e9compense une publication innovante dont la formalisation du probl\u00e8me, l\u2019approche m\u00e9thodologique utilis\u00e9e ou les r\u00e9sultats obtenus sont particuli\u00e8rement remarquables.<\/p>\n\n\n\n<p><em>Les finalistes pour le prix ont \u00e9t\u00e9 pr\u00e9-selectionn\u00e9s lors du processus de reviewing en amont de la conf\u00e9rence. Un premier auteur ne pourra voir qu\u2019une seule de ses soumissions prise en compte dans la comp\u00e9tition, et un co-auteur ne pourra faire partie au maximum que de deux articles de la comp\u00e9tition. Un \u00e9tudiant premier auteur peut avoir un article en comp\u00e9tition pour ce prix, mais ne peut cumuler avec le prix du meilleur article \u00e9tudiant en cas de victoire.<\/em><\/p>\n\n\n\n<h2 class=\"wp-block-heading\"><strong>Prix du meilleur article \u00e9tudiant<\/strong><\/h2>\n\n\n\n<p>Ce prix r\u00e9compense la meilleure publication soumise par un \u00e9tudiant de master ou de doctorat. Les crit\u00e8res d\u2019admissibilit\u00e9 sont identiques \u00e0 ceux d\u00e9finis pour le prix du meilleur article, \u00e0 l\u2019exception que le premier auteur doit \u00eatre un \u00e9tudiant.<\/p>\n\n\n\n<h2 class=\"wp-block-heading\"><strong>Prix de l\u2019innovation<\/strong> <\/h2>\n\n\n\n<p>Ce prix r\u00e9compense la qualit\u00e9 et la pertinence d&rsquo;une innovation en sant\u00e9 port\u00e9e sur le march\u00e9. Les candidatures ont \u00e9t\u00e9 \u00e9tudi\u00e9es au cas par cas avec une attention particuli\u00e8re \u00e0 la maturit\u00e9 de la technologie d\u00e9velopp\u00e9e (\u00e0 un niveau de maturit\u00e9 sup\u00e9rieur ou \u00e9gal \u00e0 7 sur l&rsquo;\u00e9chelle TRL).<\/p>\n\n\n\n<p>En plus de concourir pour le prix de l&rsquo;innovation, les candidats retenus ont \u00e9t\u00e9 invit\u00e9s \u00e0 tenir un stand lors des 3 journ\u00e9es de la conf\u00e9rence pour y pr\u00e9senter leur technologie.<\/p>\n","protected":false},"excerpt":{"rendered":"<p>Toutes nos f\u00e9licitations aux laur\u00e9ats ! \u2022 Prix du meilleur article remis par Charlotte KRIEG, Directrice Innovation A\u00e9sio Sant\u00e9 \u00e0 Marie-Pierre CUNIN, Gwenna\u00eblle BODART, Marie THYS, Marjorie GANGOLF, Philippe KOLH et Jessica JACQUES pour l&rsquo;article intitul\u00e9 \u00ab\u00a0L\u2019utilisation du Natural Langage Processing comme outil d\u2019aide \u00e0 l\u2019exploitation de donn\u00e9es hospitali\u00e8res\u00a0\u00bb \u2022 Prix du meilleur article \u00e9tudiant &hellip; <\/p>\n","protected":false},"author":1,"featured_media":0,"parent":0,"menu_order":0,"comment_status":"closed","ping_status":"closed","template":"","meta":{"footnotes":""},"class_list":["post-193","page","type-page","status-publish","hentry"],"_links":{"self":[{"href":"https:\/\/events.mines-stetienne.fr\/giseh2022\/wp-json\/wp\/v2\/pages\/193","targetHints":{"allow":["GET"]}}],"collection":[{"href":"https:\/\/events.mines-stetienne.fr\/giseh2022\/wp-json\/wp\/v2\/pages"}],"about":[{"href":"https:\/\/events.mines-stetienne.fr\/giseh2022\/wp-json\/wp\/v2\/types\/page"}],"author":[{"embeddable":true,"href":"https:\/\/events.mines-stetienne.fr\/giseh2022\/wp-json\/wp\/v2\/users\/1"}],"replies":[{"embeddable":true,"href":"https:\/\/events.mines-stetienne.fr\/giseh2022\/wp-json\/wp\/v2\/comments?post=193"}],"version-history":[{"count":4,"href":"https:\/\/events.mines-stetienne.fr\/giseh2022\/wp-json\/wp\/v2\/pages\/193\/revisions"}],"predecessor-version":[{"id":763,"href":"https:\/\/events.mines-stetienne.fr\/giseh2022\/wp-json\/wp\/v2\/pages\/193\/revisions\/763"}],"wp:attachment":[{"href":"https:\/\/events.mines-stetienne.fr\/giseh2022\/wp-json\/wp\/v2\/media?parent=193"}],"curies":[{"name":"wp","href":"https:\/\/api.w.org\/{rel}","templated":true}]}}