{"id":19,"date":"2021-07-01T11:19:43","date_gmt":"2021-07-01T09:19:43","guid":{"rendered":"http:\/\/www.giseh2022.fr\/?page_id=19"},"modified":"2022-05-16T13:57:51","modified_gmt":"2022-05-16T11:57:51","slug":"inscriptions","status":"publish","type":"page","link":"https:\/\/events.mines-stetienne.fr\/giseh2022\/inscriptions\/","title":{"rendered":"Inscriptions"},"content":{"rendered":"\n<p class=\"has-medium-font-size\"><a href=\"https:\/\/srv2.key4events.com\/key4register\/register.aspx?e=128&amp;c=882\" target=\"_blank\" rel=\"noreferrer noopener\"><strong>Acc\u00e9der au formulaire d&rsquo;inscriptions en ligne <\/strong><\/a><\/p>\n\n\n\n<figure class=\"wp-block-table\"><table><thead><tr><th class=\"has-text-align-center\" data-align=\"center\">Type d&rsquo;inscription<\/th><th class=\"has-text-align-center\" data-align=\"center\">Tarif pr\u00e9f\u00e9rentiel (jusqu&rsquo;au 23 mai)<\/th><th class=\"has-text-align-center\" data-align=\"center\">Tarif plein (apr\u00e8s 23 mai)<\/th><\/tr><\/thead><tbody><tr><td class=\"has-text-align-center\" data-align=\"center\">Normal<\/td><td class=\"has-text-align-center\" data-align=\"center\">400\u20ac<\/td><td class=\"has-text-align-center\" data-align=\"center\">500\u20ac<\/td><\/tr><tr><td class=\"has-text-align-center\" data-align=\"center\">Etudiant<\/td><td class=\"has-text-align-center\" data-align=\"center\">200\u20ac<\/td><td class=\"has-text-align-center\" data-align=\"center\">300\u20ac<\/td><\/tr><tr><td class=\"has-text-align-center\" data-align=\"center\">Stand industriel<\/td><td class=\"has-text-align-center\" data-align=\"center\">400\u20ac<\/td><td class=\"has-text-align-center\" data-align=\"center\">500\u20ac<\/td><\/tr><\/tbody><\/table><\/figure>\n\n\n\n<p class=\"has-small-font-size\"><a href=\"mailto:inscriptions-giseh2022@agencepulsarevents.com\">inscriptions-giseh2022@agencepulsarevents.com<\/a><\/p>\n","protected":false},"excerpt":{"rendered":"<p>Acc\u00e9der au formulaire d&rsquo;inscriptions en ligne Type d&rsquo;inscription Tarif pr\u00e9f\u00e9rentiel (jusqu&rsquo;au 23 mai) Tarif plein (apr\u00e8s 23 mai) Normal 400\u20ac 500\u20ac Etudiant 200\u20ac 300\u20ac Stand industriel 400\u20ac 500\u20ac inscriptions-giseh2022@agencepulsarevents.com<\/p>\n","protected":false},"author":1,"featured_media":0,"parent":0,"menu_order":0,"comment_status":"closed","ping_status":"closed","template":"","meta":{"footnotes":""},"class_list":["post-19","page","type-page","status-publish","hentry"],"_links":{"self":[{"href":"https:\/\/events.mines-stetienne.fr\/giseh2022\/wp-json\/wp\/v2\/pages\/19","targetHints":{"allow":["GET"]}}],"collection":[{"href":"https:\/\/events.mines-stetienne.fr\/giseh2022\/wp-json\/wp\/v2\/pages"}],"about":[{"href":"https:\/\/events.mines-stetienne.fr\/giseh2022\/wp-json\/wp\/v2\/types\/page"}],"author":[{"embeddable":true,"href":"https:\/\/events.mines-stetienne.fr\/giseh2022\/wp-json\/wp\/v2\/users\/1"}],"replies":[{"embeddable":true,"href":"https:\/\/events.mines-stetienne.fr\/giseh2022\/wp-json\/wp\/v2\/comments?post=19"}],"version-history":[{"count":3,"href":"https:\/\/events.mines-stetienne.fr\/giseh2022\/wp-json\/wp\/v2\/pages\/19\/revisions"}],"predecessor-version":[{"id":442,"href":"https:\/\/events.mines-stetienne.fr\/giseh2022\/wp-json\/wp\/v2\/pages\/19\/revisions\/442"}],"wp:attachment":[{"href":"https:\/\/events.mines-stetienne.fr\/giseh2022\/wp-json\/wp\/v2\/media?parent=19"}],"curies":[{"name":"wp","href":"https:\/\/api.w.org\/{rel}","templated":true}]}}