{"id":17,"date":"2021-07-01T11:19:23","date_gmt":"2021-07-01T09:19:23","guid":{"rendered":"http:\/\/www.giseh2022.fr\/?page_id=17"},"modified":"2022-03-31T13:42:20","modified_gmt":"2022-03-31T11:42:20","slug":"appel-communications","status":"publish","type":"page","link":"https:\/\/events.mines-stetienne.fr\/giseh2022\/appel-communications\/","title":{"rendered":"Communications scientifiques"},"content":{"rendered":"\n<p>Les auteurs sont invit\u00e9s \u00e0 soumettre en fran\u00e7ais (de pr\u00e9f\u00e9rence) ou en anglais soit&nbsp;un :<\/p>\n\n\n\n<ul class=\"wp-block-list\"><li><strong>Papier long de 8 pages (maximum)<\/strong>&nbsp;: une fois accept\u00e9 les auteurs pr\u00e9senteront le papier lors des&nbsp;<strong>sessions th\u00e9matiques<\/strong>. Le papier sera publi\u00e9 dans le&nbsp;<strong>livret des papiers<\/strong>&nbsp;lors de la conf\u00e9rence. Il sera \u00e9galement publi\u00e9 et r\u00e9f\u00e9renc\u00e9 dans&nbsp;<strong>les actes de la conf\u00e9rence<\/strong>&nbsp;par la suite. Il pourra \u00e9galement faire partie des papiers qui seront s\u00e9lectionn\u00e9s pour une extension dans des&nbsp;<strong>revues&nbsp;<\/strong>nationales ou internationales.<\/li><li><strong>R\u00e9sum\u00e9 de 4 pages<\/strong>&nbsp;: une fois accept\u00e9 les auteurs pr\u00e9senteront le papier lors des&nbsp;<strong>sessions th\u00e9matiques<\/strong>. Le r\u00e9sum\u00e9 sera publi\u00e9 dans le&nbsp;<strong>livret des papiers<\/strong>&nbsp;lors de la conf\u00e9rence.<\/li><\/ul>\n\n\n\n<p>Une fois le papier (ou le r\u00e9sum\u00e9) accept\u00e9, les auteurs doivent soumettre la version finale en r\u00e9pondant aux commentaires des \u00ab&nbsp;reviewers&nbsp;\u00bb. Les auteurs doivent respecter le m\u00eame format que le papier soumis au d\u00e9part (r\u00e9sum\u00e9 ou papier long).<\/p>\n\n\n\n<p>Les auteurs devront respecter le format suivant : \u00ab\u00a0<em><a download=\"https:\/\/events.mines-stetienne.fr\/giseh2022\/wp-content\/uploads\/2022\/02\/instructions_giseh_2022.doc\" href=\"https:\/\/events.mines-stetienne.fr\/giseh2022\/wp-content\/uploads\/2022\/02\/instructions_giseh_2022.doc\">instructions_giseh_2022.doc<\/a><\/em>\u00ab\u00a0. (si vous rencontrez des probl\u00e8mes de t\u00e9l\u00e9chargement du template sous Chrome, cliquez <a href=\"https:\/\/seafile.emse.fr\/f\/2e481c2ad4964e5f9ba3\/?dl=1\">ICI<\/a>)<\/p>\n\n\n\n<p>Les auteurs sont enti\u00e8rement responsables de la qualit\u00e9 de leur article, y compris les illustrations. Nous conseillons fortement aux auteurs d\u00e9butants de faire lire leur article final par au moins deux autres personnes avant d\u2019en soumettre la version finale.<\/p>\n\n\n\n<p>Les soumissions doivent se faire via la plateforme : <strong><a href=\"https:\/\/easychair.org\/conferences\/?conf=giseh2022\">https:\/\/easychair.org\/conferences\/?conf=giseh2022<\/a><\/strong><\/p>\n\n\n\n<h2 class=\"wp-block-heading\">Dates importantes<\/h2>\n\n\n\n<ul class=\"wp-block-list\"><li><strong>Date de soumission :<\/strong>\u00a0<s>1er F\u00e9vrier 2022<\/s> <mark style=\"background-color:rgba(0, 0, 0, 0)\" class=\"has-inline-color has-vivid-red-color\"><strong>28 F\u00e9vrier 2022<\/strong><\/mark><\/li><li><strong>Notification d\u2019acceptation :<\/strong>\u00a0<s>31 Mars 2022 <\/s><mark style=\"background-color:rgba(0, 0, 0, 0)\" class=\"has-inline-color has-vivid-red-color\"><strong>18 Avril 2022<\/strong><\/mark>\u00a0<\/li><li><strong>Ouverture des inscriptions :<\/strong> <s>1er Avril 2022<\/s> <mark style=\"background-color:rgba(0, 0, 0, 0)\" class=\"has-inline-color has-vivid-red-color\"><strong>15 Avril 2022<\/strong><\/mark><\/li><li><strong>Papier final :<\/strong>\u00a0<s>1er Mai 2022<\/s> <mark style=\"background-color:rgba(0, 0, 0, 0)\" class=\"has-inline-color has-vivid-red-color\"><strong>15 Mai 2022<\/strong><\/mark><\/li><\/ul>\n\n\n\n<h2 class=\"wp-block-heading\">Num\u00e9ros sp\u00e9ciaux \u2013 GISEH2022<\/h2>\n\n\n\n<h3 class=\"wp-block-heading\">Gestions Hospitali\u00e8res<\/h3>\n\n\n\n<ul class=\"wp-block-list\"><li>Certains articles seront s\u00e9lectionn\u00e9s par le comit\u00e9 scientifique puis soumis \u00e0 la revue pour publication fin 2022\/d\u00e9but 2023<\/li><li>Les recommandations aux auteurs pour le format de publication dans la revue se trouvent <a rel=\"noreferrer noopener\" href=\"https:\/\/gestions-hospitalieres.fr\/recommandations-auteurs\/\" target=\"_blank\">IC<\/a><a href=\"https:\/\/gestions-hospitalieres.fr\/recommandations-auteurs\/\" target=\"_blank\" rel=\"noreferrer noopener\">I<\/a><\/li><\/ul>\n\n\n\n<h3 class=\"wp-block-heading\">Flexible Services and Manufacturing Journal<\/h3>\n\n\n\n<ul class=\"wp-block-list\"><li>Certains articles seront s\u00e9lectionn\u00e9s par le comit\u00e9 scientifique de GISEH pour l&rsquo;\u00e9dition speciale de la revue FLEX. Les travaux devront \u00eatre \u00e9tendus de fa\u00e7on significative pour \u00e9viter des probl\u00e8mes de plagiat. Les articles \u00e9tendus seront ensuite soumis \u00e0 la revue et \u00e0 son processus de reviewing.<\/li><li>L&rsquo;appel \u00e0 soumission est \u00e9galement ouvert aux auteurs qui n&rsquo;ont pas particip\u00e9 \u00e0 GISEH 2022. <\/li><li>La deadline pour cette \u00e9dition sp\u00e9ciale est fix\u00e9e au <strong>31 d\u00e9cembre 2022<\/strong><\/li><li>Les recommandations aux auteurs pour le format de publication dans la revue se trouvent <a rel=\"noreferrer noopener\" href=\"https:\/\/www.springer.com\/journal\/10696\/submission-guidelines\" data-type=\"URL\" data-id=\"https:\/\/www.springer.com\/journal\/10696\/submission-guidelines\" target=\"_blank\">IC<\/a><a href=\"https:\/\/www.springer.com\/journal\/10696\/submission-guidelines\" data-type=\"URL\" data-id=\"https:\/\/www.springer.com\/journal\/10696\/submission-guidelines\" target=\"_blank\" rel=\"noreferrer noopener\">I<\/a><\/li><\/ul>\n","protected":false},"excerpt":{"rendered":"<p>Les auteurs sont invit\u00e9s \u00e0 soumettre en fran\u00e7ais (de pr\u00e9f\u00e9rence) ou en anglais soit&nbsp;un : Papier long de 8 pages (maximum)&nbsp;: une fois accept\u00e9 les auteurs pr\u00e9senteront le papier lors des&nbsp;sessions th\u00e9matiques. Le papier sera publi\u00e9 dans le&nbsp;livret des papiers&nbsp;lors de la conf\u00e9rence. Il sera \u00e9galement publi\u00e9 et r\u00e9f\u00e9renc\u00e9 dans&nbsp;les actes de la conf\u00e9rence&nbsp;par la &hellip; <\/p>\n","protected":false},"author":1,"featured_media":0,"parent":0,"menu_order":0,"comment_status":"closed","ping_status":"closed","template":"","meta":{"footnotes":""},"class_list":["post-17","page","type-page","status-publish","hentry"],"_links":{"self":[{"href":"https:\/\/events.mines-stetienne.fr\/giseh2022\/wp-json\/wp\/v2\/pages\/17","targetHints":{"allow":["GET"]}}],"collection":[{"href":"https:\/\/events.mines-stetienne.fr\/giseh2022\/wp-json\/wp\/v2\/pages"}],"about":[{"href":"https:\/\/events.mines-stetienne.fr\/giseh2022\/wp-json\/wp\/v2\/types\/page"}],"author":[{"embeddable":true,"href":"https:\/\/events.mines-stetienne.fr\/giseh2022\/wp-json\/wp\/v2\/users\/1"}],"replies":[{"embeddable":true,"href":"https:\/\/events.mines-stetienne.fr\/giseh2022\/wp-json\/wp\/v2\/comments?post=17"}],"version-history":[{"count":1,"href":"https:\/\/events.mines-stetienne.fr\/giseh2022\/wp-json\/wp\/v2\/pages\/17\/revisions"}],"predecessor-version":[{"id":375,"href":"https:\/\/events.mines-stetienne.fr\/giseh2022\/wp-json\/wp\/v2\/pages\/17\/revisions\/375"}],"wp:attachment":[{"href":"https:\/\/events.mines-stetienne.fr\/giseh2022\/wp-json\/wp\/v2\/media?parent=17"}],"curies":[{"name":"wp","href":"https:\/\/api.w.org\/{rel}","templated":true}]}}