{"id":15,"date":"2021-07-01T11:19:07","date_gmt":"2021-07-01T09:19:07","guid":{"rendered":"http:\/\/www.giseh2022.fr\/?page_id=15"},"modified":"2022-02-28T11:35:08","modified_gmt":"2022-02-28T10:35:08","slug":"comites","status":"publish","type":"page","link":"https:\/\/events.mines-stetienne.fr\/giseh2022\/comites\/","title":{"rendered":"Comit\u00e9s"},"content":{"rendered":"\n<h2 class=\"wp-block-heading\" id=\"comite-d-organisation\">Comit\u00e9 d&rsquo;Organisation<\/h2>\n\n\n<p>[wpm_team_showcase id=\u00a0\u00bb1&Prime;]<\/p>\n\n\n\n<h2 class=\"wp-block-heading\">Comit\u00e9 Scientifique<\/h2>\n\n\n\n<p>Pr\u00e9sident du comit\u00e9 scientifique : WIESER Philippe, Professeur &#8211; EPFL <\/p>\n\n\n\n<ul class=\"wp-block-list\"><li>AGUEZZOUL Aicha, France<\/li><li>AUGUSTE Nicolas, France<\/li><li>AUGUSTO Vincent, France<\/li><li>BEGUIN Claire, Belgique<\/li><li>BELRHITI Zakaria, Maroc<\/li><li>BOULEUX Guillaume, France<\/li><li>BRUYERE Christelle, France<\/li><li>CHAABANE Sondes, France<\/li><li>COUSEIN Etienne, France<\/li><li>DALMAS Benjamin, France<\/li><li>DAURES Jean-Pierre, France<\/li><li>DI MARTINELLY Christine, France<\/li><li>DI MASCOLO Maria, France<\/li><li>EL AMRAOUI Adnen, France<\/li><li>EL HIKI Lahcen, Belgique<\/li><li>ELOUADI Abdelmajid, Maroc<\/li><li>FLECK Julia, France<\/li><li>GARAIX Thierry, France<\/li><li>GOURC Didier, France<\/li><li>GOURGAND Michel, France<\/li><li>GUINET Alain, France<\/li><li>JEMAI Abderrazak, Tunisie<\/li><li>KERBOUA-ZIARI Yasmina, Alg\u00e9rie<\/li><li>KERGOSIEN Yannick, France<\/li><li>KOHL Philippe, Belgique<\/li><li>LADET Pierre, France<\/li><li>LAHRICHI Nadia, Canada<\/li><li>LASRI Saadia, Belgique<\/li><li>LAURENT Marius, Belgique<\/li><li>LE MAIRE Andr\u00e9, Belgique<\/li><li>LECLERCQ Pol, Belgique<\/li><li>MAES Nathalie, Belgique<\/li><li>MASSARD Nelly, France<\/li><li>MEYER Rodolphe, Suisse<\/li><li>MICHEL Denis, France<\/li><li>MONTEIRO Thibaud, France<\/li><li>NAVARRO Laurent, France<\/li><li>NOUAOURI Issam , France<\/li><li>PHAN Raksmey, France<\/li><li>POURCEL Claude, France<\/li><li>RAKOTONDRANAIVO Auguste, France<\/li><li>REBOUL Quentin, France<\/li><li>RIANE Fouad, Maroc<\/li><li>RODIER Sophie, France<\/li><li>ROMEYER C\u00e9cile, France<\/li><li>ROUSSAT Christine, France<\/li><li>SAMPIERI-TEISSIER Nathalie, France<\/li><li>SARAZIN Marianne, France<\/li><li>SEMAY Bertrand, France<\/li><li>THONON Olivier, Belgique<\/li><li>TRILLING Lorraine, France<\/li><li>VAN CAILLIE Didier, Belgique<\/li><li>WIDMER Marino, Suisse<\/li><li>WIESER Philippe, Suisse<\/li><li>XIE Xiaolan, France<\/li><\/ul>\n","protected":false},"excerpt":{"rendered":"<p>Comit\u00e9 d&rsquo;Organisation Comit\u00e9 Scientifique Pr\u00e9sident du comit\u00e9 scientifique : WIESER Philippe, Professeur &#8211; EPFL AGUEZZOUL Aicha, France AUGUSTE Nicolas, France AUGUSTO Vincent, France BEGUIN Claire, Belgique BELRHITI Zakaria, Maroc BOULEUX Guillaume, France BRUYERE Christelle, France CHAABANE Sondes, France COUSEIN Etienne, France DALMAS Benjamin, France DAURES Jean-Pierre, France DI MARTINELLY Christine, France DI MASCOLO Maria, France &hellip; <\/p>\n","protected":false},"author":1,"featured_media":0,"parent":0,"menu_order":0,"comment_status":"closed","ping_status":"closed","template":"","meta":{"footnotes":""},"class_list":["post-15","page","type-page","status-publish","hentry"],"_links":{"self":[{"href":"https:\/\/events.mines-stetienne.fr\/giseh2022\/wp-json\/wp\/v2\/pages\/15","targetHints":{"allow":["GET"]}}],"collection":[{"href":"https:\/\/events.mines-stetienne.fr\/giseh2022\/wp-json\/wp\/v2\/pages"}],"about":[{"href":"https:\/\/events.mines-stetienne.fr\/giseh2022\/wp-json\/wp\/v2\/types\/page"}],"author":[{"embeddable":true,"href":"https:\/\/events.mines-stetienne.fr\/giseh2022\/wp-json\/wp\/v2\/users\/1"}],"replies":[{"embeddable":true,"href":"https:\/\/events.mines-stetienne.fr\/giseh2022\/wp-json\/wp\/v2\/comments?post=15"}],"version-history":[{"count":2,"href":"https:\/\/events.mines-stetienne.fr\/giseh2022\/wp-json\/wp\/v2\/pages\/15\/revisions"}],"predecessor-version":[{"id":366,"href":"https:\/\/events.mines-stetienne.fr\/giseh2022\/wp-json\/wp\/v2\/pages\/15\/revisions\/366"}],"wp:attachment":[{"href":"https:\/\/events.mines-stetienne.fr\/giseh2022\/wp-json\/wp\/v2\/media?parent=15"}],"curies":[{"name":"wp","href":"https:\/\/api.w.org\/{rel}","templated":true}]}}